{"id":1466,"date":"2025-02-24T18:50:48","date_gmt":"2025-02-24T18:50:48","guid":{"rendered":"https:\/\/assistencialunicard.com.br\/?page_id=1466"},"modified":"2026-03-04T11:13:14","modified_gmt":"2026-03-04T11:13:14","slug":"cidades","status":"publish","type":"page","link":"https:\/\/assistencialunicard.com.br\/","title":{"rendered":"Cidades"},"content":{"rendered":"\t\t<div data-elementor-type=\"wp-page\" data-elementor-id=\"1466\" class=\"elementor elementor-1466\">\n\t\t\t\t<div class=\"elementor-element elementor-element-9eaaeef e-flex e-con-boxed wpr-particle-no wpr-jarallax-no wpr-parallax-no wpr-sticky-section-no wpr-equal-height-no e-con e-parent\" data-id=\"9eaaeef\" data-element_type=\"container\" data-e-type=\"container\" data-settings=\"{&quot;background_background&quot;:&quot;classic&quot;}\">\n\t\t\t\t\t<div class=\"e-con-inner\">\n\t\t\t\t<div class=\"elementor-element elementor-element-b05d42c elementor-widget elementor-widget-menu-anchor\" data-id=\"b05d42c\" data-element_type=\"widget\" data-e-type=\"widget\" data-widget_type=\"menu-anchor.default\">\n\t\t\t\t<div class=\"elementor-widget-container\">\n\t\t\t\t\t\t\t<div class=\"elementor-menu-anchor\" id=\"selecione\"><\/div>\n\t\t\t\t\t\t<\/div>\n\t\t\t\t<\/div>\n\t\t\t\t<div class=\"elementor-element elementor-element-15f9b58 elementor-widget elementor-widget-html\" data-id=\"15f9b58\" data-element_type=\"widget\" data-e-type=\"widget\" data-widget_type=\"html.default\">\n\t\t\t\t<div class=\"elementor-widget-container\">\n\t\t\t\t\t<!DOCTYPE html>\r\n<html lang=\"pt\">\r\n<head>\r\n  <meta charset=\"UTF-8\">\r\n  <meta name=\"viewport\" content=\"width=device-width, initial-scale=1.0\">\r\n  <title>Menu de Cidades por Regi\u00e3o<\/title>\r\n  <link href=\"https:\/\/fonts.googleapis.com\/css2?family=Cabin:wght@400;700&display=swap\" rel=\"stylesheet\">\r\n  <link href=\"https:\/\/fonts.googleapis.com\/icon?family=Material+Icons\" rel=\"stylesheet\">\r\n  <style>\r\n    body {\r\n      font-family: 'Cabin', sans-serif;\r\n      font-size: 25px;\r\n      line-height: 1.5;\r\n      margin: 0;\r\n      padding: 0;\r\n      text-align: left;\r\n      color: #ffffff;\r\n      background-color: #000000;\r\n      height: 80%;\r\n      overflow: auto;\r\n    }\r\n\r\n    \/* Barra de rolagem personalizada *\/\r\n    ::-webkit-scrollbar {\r\n      width: 8px;\r\n      background: transparent;\r\n    }\r\n\r\n    ::-webkit-scrollbar-thumb {\r\n      background: #ffffff;\r\n      border-radius: 10px;\r\n    }\r\n\r\n    ::-webkit-scrollbar-track {\r\n      background: transparent;\r\n    }\r\n\r\n    .search-container {\r\n      position: relative;\r\n      width: 100%;\r\n      margin: 0 auto 10px auto;\r\n      text-align: left;\r\n      display: flex;\r\n      align-items: center;\r\n      padding: 10px 20px;\r\n      box-sizing: border-box;\r\n    }\r\n\r\n    #search {\r\n      width: 100%;\r\n      font-size: 30px;\r\n      padding: 15px 60px 15px 20px;\r\n      border: none;\r\n      border-bottom: 2px solid #ffffff;\r\n      background-color: transparent;\r\n      color: #ffffff;\r\n      text-align: left;\r\n      outline: none;\r\n      box-sizing: border-box;\r\n    }\r\n\r\n    #search::placeholder {\r\n      color: #ffffff;\r\n      opacity: 1;\r\n    }\r\n\r\n    .search-icon {\r\n      position: absolute;\r\n      right: 35px;\r\n      font-size: 30px;\r\n      color: #ffffff;\r\n      cursor: pointer;\r\n      animation: pulse 1.5s infinite;\r\n    }\r\n\r\n    @keyframes pulse {\r\n      0% { transform: scale(1) }\r\n      50% { transform: scale(1.1) }\r\n      100% { transform: scale(1) }\r\n    }\r\n\r\n    #menu {\r\n      padding: 0 30px 20px 40px;\r\n      max-height: calc(80vh - 80px);\r\n      overflow-y: auto;\r\n      box-sizing: border-box;\r\n    }\r\n\r\n    .regiaoTitulo {\r\n      font-size: 23px;\r\n      font-weight: bold;\r\n      margin-top: 25px;\r\n      color: #ffffff;\r\n      text-transform: uppercase;\r\n    }\r\n\r\n    ul {\r\n      padding-left: 50px;\r\n      margin: 10px 0 20px 0;\r\n    }\r\n\r\n    li {\r\n      margin-bottom: 8px;\r\n    }\r\n\r\n    li a {\r\n      color: #ffffff;\r\n      text-decoration: none;\r\n      font-size: 22px;\r\n    }\r\n    \r\n    li a:hover {\r\n      color: #ffffff;\r\n    }\r\n\r\n    #mensagemErro {\r\n      color: #ffffff;\r\n      text-align: center;\r\n      margin-top: 20px;\r\n    }\r\n\r\n  <\/style>\r\n<\/head>\r\n<body>\r\n  <div class=\"search-container\">\r\n    <input type=\"text\" id=\"search\" placeholder=\"Digite sua cidade...\">\r\n    <span class=\"material-icons search-icon\">search<\/span>\r\n  <\/div>\r\n\r\n  <div id=\"menu\"><\/div>\r\n  <p id=\"mensagemErro\" style=\"display:none\">Ops! Ainda n\u00e3o estamos presentes em sua cidade.<\/p>\r\n\r\n  <script>\r\n    const regioes = {\r\n      \"CENTRO\/RS\": \"https:\/\/centrors.assistencialunicard.com.br\",\r\n      \"CAMPANHA\/RS\": \"https:\/\/regiaodacampanhars.assistencialunicard.com.br\",\r\n      \"ALTO URUGUAI\/RS\": \"https:\/\/altouruguairs.assistencialunicard.com.br\",\r\n      \"ITAQUI\/RS\": \"https:\/\/itaquirs.assistencialunicard.com.br\",\r\n      \"URUGUAIANA\/RS\": \"https:\/\/uruguaianars.assistencialunicard.com.br\",\r\n      \"NOROESTE\/RS\": \"https:\/\/noroesters.assistencialunicard.com.br\",\r\n      \"ALEGRETE\/RS\": \"https:\/\/alegreters.assistencialunicard.com.br\",\r\n      \"ABC PAULISTA\/SP\": \"https:\/\/abcsp.assistencialunicard.com.br\",\r\n      \"CARUARU\/PE\": \"https:\/\/caruarupe.assistencialunicard.com.br\"\r\n    };\r\n\r\n    const cidadesPorRegiao = {\r\n      \"CENTRO\/RS\": [\"Amaral Ferrador\", \"Arroio do Tigre\", \"Ca\u00e7apava do Sul\", \"Cachoeira do Sul\", \"Cerro Branco\", \"Encruzilhada do Sul\", \"Estrela Velha\", \"Ibarama\", \"Lagoa Bonita do Sul\", \"Novo Cabrais\", \"Para\u00edso do Sul\", \"Passa Sete\", \"Santana da Boa Vista\", \"Segredo\", \"Sobradinho\"],\r\n      \"CAMPANHA\/RS\": [\"Bag\u00e9\", \"Dom Pedrito\", \"Pinheiro Machado\", \"Hulha Negra\", \"Lavras do Sul\", \"Pedras Altas\", \"Acegu\u00e1\"],\r\n      \"ALTO URUGUAI\/RS\": [\"Tr\u00eas de Maio\", \"Alegria\", \"Boa Vista do Buric\u00e1\", \"Dr. Maur\u00edcio Cardoso\", \"Independ\u00eancia\", \"Nova Candel\u00e1ria\", \"S\u00e3o Jos\u00e9 do Inhacor\u00e1\", \"S\u00e3o Martinho\", \"S\u00e3o Val\u00e9rio do Sul\", \"Sede Nova\"],\r\n      \"ITAQUI\/RS\": [\"Itaqui\", \"Ma\u00e7ambar\u00e1\"],\r\n      \"URUGUAIANA\/RS\": [\"Uruguaiana\", \"Barra do Quara\u00ed\"],\r\n      \"NOROESTE\/RS\": [\"Ajuricaba\",\"Augusto Pestana\",\"Barra da Guarita\",\"Boa Vista das Miss\u00f5es\",\"Bom Progresso\",\"Bozano\",\"Braga\",\"Cai\u00e7ara\",\"Campo Novo\",\"Catu\u00edpe\",\"Cerro Grande\",\"Chiapetta\",\"Condor\",\"Coronel Barros\",\"Coronel Bicaco\",\"Crissiumal\",\"Cristal do Sul\",\"Derrubadas\",\"Dois Irm\u00e3os das Miss\u00f5es\",\"Erval Seco\",\"Esperan\u00e7a do Sul\",\"Frederico Westphalen\",\"Humait\u00e1\",\"Iju\u00ed\",\"Inhacor\u00e1\",\"Ira\u00ed\",\"Jaboticaba\",\"J\u00f3ia\",\"Lajeado do Bugre\",\"Miragua\u00ed\",\"Nova Ramada\",\"Novo Barreiro\",\"Novo Tiradentes\",\"Palmeira das Miss\u00f5es\",\"Palmitinho\",\"Panambi\",\"Pinhal\",\"Pinheirinho do Vale\",\"Redentora\",\"Rodeio Bonito\",\"Sagrada Fam\u00edlia\",\"Santo Augusto\",\"Seberi\",\"S\u00e3o Jos\u00e9 das Miss\u00f5es\",\"S\u00e3o Pedro das Miss\u00f5es\",\"Taquaru\u00e7u do Sul\",\"Tenente Portela\",\"Tiradentes do Sul\",\"Tr\u00eas Passos\",\"Vicente Dutra\",\"Vista Alegre\",\"Vista Ga\u00facha\"],\r\n      \"ALEGRETE\/RS\": [\"Alegrete\",\"Manoel Viana\"],\r\n      \"ABC PAULISTA\/SP\": [\"Santo Andr\u00e9\",\"S\u00e3o Bernardo do Campo\",\"S\u00e3o Caetano do Sul\",\"Mau\u00e1\",\"Ribeir\u00e3o Pires\",\"Diadema\"],\r\n      \"CARUARU\/PE\": [\r\n  \"Caruaru\",\r\n  \"Agrestina\",\r\n  \"Altinho\",\r\n  \"Barra de Guabiraba\",\r\n  \"Bel\u00e9m de Maria\",\r\n  \"Belo Jardim\",\r\n  \"Bezerros\",\r\n  \"Bonito\",\r\n  \"Brejo da Madre de Deus\",\r\n  \"Cachoeirinha\",\r\n  \"Camocim de S\u00e3o F\u00e9lix\",\r\n  \"Catende\",\r\n  \"Cumaru\",\r\n  \"Cupira\",\r\n  \"Gravata\",\r\n  \"Ibirajuba\",\r\n  \"Jurema\",\r\n  \"Lagoa dos Gatos\",\r\n  \"Lajedo\",\r\n  \"Panelas\",\r\n  \"Quipap\u00e1\",\r\n  \"Riacho das Almas\",\r\n  \"Sair\u00e9\",\r\n  \"Santa Cruz do Capibaribe\",\r\n  \"S\u00e3o Bento do Una\",\r\n  \"S\u00e3o Caitano\",\r\n  \"S\u00e3o Joaquim do Monte\",\r\n  \"Surubim\",\r\n  \"Tacaimb\u00f3\",\r\n  \"Taquaritinga do Norte\",\r\n  \"Toritama\",\r\n  \"Vertentes\",\r\n  \"\u00c1guas Belas\",\r\n  \"Angelim\",\r\n  \"Bom Conselho\",\r\n  \"Brej\u00e3o\",\r\n  \"Caet\u00e9s\",\r\n  \"Cal\u00e7ados\",\r\n  \"Canhotinho\",\r\n  \"Capoeiras\",\r\n  \"Correntes\",\r\n  \"Garanhuns\",\r\n  \"Iati\",\r\n  \"Itaiba\",\r\n  \"Jupi\",\r\n  \"Jucati\",\r\n  \"Lagoa de Ouro\",\r\n  \"Lajedo\",\r\n  \"Palmerina\",\r\n  \"Paranatama\",\r\n  \"Salo\u00e1\",\r\n  \"S\u00e3o Jo\u00e3o\",\r\n  \"Terezinha\"\r\n]\r\n\r\n    };\r\n\r\n    document.addEventListener(\"DOMContentLoaded\", function () {\r\n      const menu = document.getElementById(\"menu\");\r\n      const searchInput = document.getElementById(\"search\");\r\n      const mensagemErro = document.getElementById(\"mensagemErro\");\r\n\r\n      function renderizar(filtro = \"\") {\r\n        menu.innerHTML = \"\";\r\n        let encontrou = false;\r\n\r\n        Object.entries(cidadesPorRegiao).forEach(([regiao, cidades]) => {\r\n          const cidadesFiltradas = cidades.filter(cidade => cidade.toLowerCase().includes(filtro));\r\n\r\n          if (cidadesFiltradas.length > 0) {\r\n            encontrou = true;\r\n\r\n            const titulo = document.createElement(\"div\");\r\n            titulo.className = \"regiaoTitulo\";\r\n            titulo.textContent = regiao;\r\n            menu.appendChild(titulo);\r\n\r\n            const lista = document.createElement(\"ul\");\r\n\r\n            cidadesFiltradas.forEach(cidade => {\r\n              const li = document.createElement(\"li\");\r\n              const a = document.createElement(\"a\");\r\n              a.href = regioes[regiao];\r\n              a.target = \"_blank\";\r\n              a.textContent = cidade;\r\n              li.appendChild(a);\r\n              lista.appendChild(li);\r\n            });\r\n\r\n            menu.appendChild(lista);\r\n          }\r\n        });\r\n\r\n        mensagemErro.style.display = encontrou ? \"none\" : \"block\";\r\n      }\r\n\r\n      searchInput.addEventListener(\"input\", function () {\r\n        renderizar(this.value.toLowerCase());\r\n      });\r\n\r\n      renderizar();\r\n    });\r\n  <\/script>\r\n\r\n<\/body>\r\n<\/html>\r\n\t\t\t\t<\/div>\n\t\t\t\t<\/div>\n\t\t\t\t\t<\/div>\n\t\t\t\t<\/div>\n\t\t\t\t<\/div>\n\t\t","protected":false},"excerpt":{"rendered":"<p>Menu de Cidades por Regi\u00e3o search Ops! Ainda n\u00e3o estamos presentes em sua cidade.<\/p>\n","protected":false},"author":1,"featured_media":0,"parent":0,"menu_order":0,"comment_status":"closed","ping_status":"closed","template":"elementor_canvas","meta":{"footnotes":""},"wf_page_folders":[],"class_list":["post-1466","page","type-page","status-publish","hentry"],"_links":{"self":[{"href":"https:\/\/assistencialunicard.com.br\/wp-json\/wp\/v2\/pages\/1466","targetHints":{"allow":["GET"]}}],"collection":[{"href":"https:\/\/assistencialunicard.com.br\/wp-json\/wp\/v2\/pages"}],"about":[{"href":"https:\/\/assistencialunicard.com.br\/wp-json\/wp\/v2\/types\/page"}],"author":[{"embeddable":true,"href":"https:\/\/assistencialunicard.com.br\/wp-json\/wp\/v2\/users\/1"}],"replies":[{"embeddable":true,"href":"https:\/\/assistencialunicard.com.br\/wp-json\/wp\/v2\/comments?post=1466"}],"version-history":[{"count":367,"href":"https:\/\/assistencialunicard.com.br\/wp-json\/wp\/v2\/pages\/1466\/revisions"}],"predecessor-version":[{"id":54961,"href":"https:\/\/assistencialunicard.com.br\/wp-json\/wp\/v2\/pages\/1466\/revisions\/54961"}],"wp:attachment":[{"href":"https:\/\/assistencialunicard.com.br\/wp-json\/wp\/v2\/media?parent=1466"}],"wp:term":[{"taxonomy":"wf_page_folders","embeddable":true,"href":"https:\/\/assistencialunicard.com.br\/wp-json\/wp\/v2\/wf_page_folders?post=1466"}],"curies":[{"name":"wp","href":"https:\/\/api.w.org\/{rel}","templated":true}]}}